{"id":3751,"date":"2024-06-04T12:11:43","date_gmt":"2024-06-04T12:11:43","guid":{"rendered":"https:\/\/lawroomspain.com\/?page_id=3751"},"modified":"2024-10-02T09:16:51","modified_gmt":"2024-10-02T09:16:51","slug":"politica-de-cookies","status":"publish","type":"page","link":"https:\/\/lawroomspain.com\/es\/politica-de-cookies\/","title":{"rendered":"Pol\u00edtica de cookies"},"content":{"rendered":"<p><section data-bb-version=\"5.0.1\" id=\"bt_bb_section69d421267020f\" class=\"bt_bb_section bt_bb_color_scheme_10 bt_bb_layout_boxed_1200 bt_bb_vertical_align_top bt_bb_background_overlay_dark_solid bt_bb_top_spacing_large bt_bb_bottom_spacing_large\" style=\"; --section-primary-color:#ffffff; --section-secondary-color:#618baa;\" data-bt-override-class=\"{&quot;bt_bb_top_spacing_&quot;:{&quot;current_class&quot;:&quot;bt_bb_top_spacing_large&quot;,&quot;xxl&quot;:&quot;large&quot;},&quot;bt_bb_bottom_spacing_&quot;:{&quot;current_class&quot;:&quot;bt_bb_bottom_spacing_large&quot;,&quot;xxl&quot;:&quot;large&quot;}}\"><div class=\"bt_bb_background_image_holder_wrapper\"><div class=\"bt_bb_background_image_holder btLazyLoadBackground\"  data-background_image_src=\"https:\/\/lawroomspain.com\/wp-content\/uploads\/2024\/08\/Recepcion-cut.webp\" data-parallax-zoom-start=\"1\" data-parallax-zoom-end=\"1\" data-parallax-blur-start=\"0\" data-parallax-blur-end=\"0\" data-parallax-opacity-start=\"1\" data-parallax-opacity-end=\"1\" style=\" background-image: url(&#039;https:\/\/lawroomspain.com\/wp-content\/plugins\/bold-page-builder\/img\/blank.gif&#039;);\"><\/div><\/div><div class=\"bt_bb_port\"><div class=\"bt_bb_cell\"><div class=\"bt_bb_cell_inner\"><div class=\"bt_bb_row \"  data-bt-override-class=\"{}\"><div class=\"bt_bb_row_holder\" ><div  class=\"bt_bb_column col-xl-12 bt_bb_align_center bt_bb_padding_normal bt_bb_animation_fade_in animate\"  data-width=\"12\" data-bt-override-class=\"{}\"><div class=\"bt_bb_column_content bt_bb_vertical_align_top bt_bb_color_scheme_\"><div class=\"bt_bb_column_content_inner\"><div class=\"bt_bb_separator bt_bb_border_style_none bt_bb_bottom_spacing_large bt_bb_hidden_xs bt_bb_hidden_ms bt_bb_hidden_sm\" data-bt-override-class=\"null\"><\/div><header data-bb-version=\"5.1.3\" class=\"bt_bb_headline bt_bb_color_scheme_6 bt_bb_dash_none bt_bb_size_extralarge bt_bb_align_inherit\" style=\"; --primary-color:#ffffff; --secondary-color:#e2b756;\" data-bt-override-class=\"{&quot;bt_bb_size_&quot;:{&quot;current_class&quot;:&quot;bt_bb_size_extralarge&quot;,&quot;xxl&quot;:&quot;extralarge&quot;},&quot;bt_bb_align_&quot;:{&quot;current_class&quot;:&quot;bt_bb_align_inherit&quot;,&quot;xxl&quot;:&quot;inherit&quot;}}\"><h3 class=\"bt_bb_headline_tag\"><span class=\"bt_bb_headline_content\"><span>Pol\u00edtica de cookies<\/span><\/span><\/h3><\/header><div data-bb-version=\"5.1.3\" class=\"bt_bb_separator bt_bb_border_style_none bt_bb_top_spacing_none bt_bb_bottom_spacing_normal bt_bb_hidden_xs bt_bb_hidden_ms bt_bb_hidden_sm\" data-bt-override-class=\"{&quot;bt_bb_top_spacing_&quot;:{&quot;current_class&quot;:&quot;bt_bb_top_spacing_none&quot;,&quot;xxl&quot;:&quot;none&quot;},&quot;bt_bb_bottom_spacing_&quot;:{&quot;current_class&quot;:&quot;bt_bb_bottom_spacing_normal&quot;,&quot;xxl&quot;:&quot;normal&quot;}}\"><\/div><div class=\"bt_bb_separator bt_bb_border_style_none bt_bb_bottom_spacing_large bt_bb_hidden_xs bt_bb_hidden_ms bt_bb_hidden_sm\" data-bt-override-class=\"null\"><\/div><\/div><\/div><\/div><\/div><\/div><\/div><!-- cell_inner --><\/div><!-- cell --><\/div><!-- port --><\/section><section data-bb-version=\"5.1.3\" id=\"bt_bb_section69d42126705bf\" class=\"bt_bb_section bt_bb_layout_boxed_1200\"  data-bt-override-class=\"null\"><div class=\"bt_bb_port\"><div class=\"bt_bb_cell\"><div class=\"bt_bb_cell_inner\"><div class=\"bt_bb_row \"  data-bt-override-class=\"{}\"><div class=\"bt_bb_row_holder\" ><div data-bb-version=\"5.1.3\"  class=\"bt_bb_column col-xl-12 col-xs-12 col-sm-12 col-md-12 col-lg-12 bt_bb_align_left bt_bb_padding_normal\"  data-width=\"12\" data-bt-override-class=\"{}\"><div class=\"bt_bb_column_content bt_bb_vertical_align_top bt_bb_color_scheme_\"><div class=\"bt_bb_column_content_inner\"><div class=\"bt_bb_separator bt_bb_border_style_none bt_bb_bottom_spacing_large bt_bb_hidden_xs bt_bb_hidden_ms bt_bb_hidden_sm\" data-bt-override-class=\"null\"><\/div><div data-bb-version=\"5.1.3\"  class=\"bt_bb_text\" ><\/p>\n<p>Este sitio web, al igual que la mayor\u00eda de los sitios en Internet, usa\u00a0<strong>cookies<\/strong>\u00a0para mejorar y optimizar la experiencia del usuario.<\/p>\n<p>A continuaci\u00f3n, encontrar\u00e1 informaci\u00f3n detallada sobre qu\u00e9 son las\u00a0<strong>cookies<\/strong>, qu\u00e9 tipo de\u00a0<strong>cookies<\/strong>\u00a0utiliza este sitio web, c\u00f3mo puede desactivarlas en su navegador y c\u00f3mo bloquear espec\u00edficamente la instalaci\u00f3n de\u00a0<strong>cookies<\/strong>\u00a0de terceros.<\/p>\n<p>&nbsp;<\/p>\n<ol>\n<li><strong> \u00bfQu\u00e9 son las cookies?<\/strong><\/li>\n<\/ol>\n<p>Las\u00a0<strong>cookies<\/strong>\u00a0son archivos que los sitios web o las aplicaciones instalan en el navegador o en el dispositivo (smartphone, tablet o televisi\u00f3n conectada) del usuario durante su recorrido por las p\u00e1ginas del sitio o por la aplicaci\u00f3n, y sirven para almacenar informaci\u00f3n sobre su visita.<\/p>\n<p>Como la mayor\u00eda de los sitios en internet, este sitio web utiliza\u00a0<strong>cookies<\/strong>\u00a0para:<\/p>\n<ul>\n<li>Asegurar que las p\u00e1ginas web pueden funcionar correctamente.<\/li>\n<li>Almacenar las preferencias, como el idioma que ha seleccionado o el tama\u00f1o de letra.<\/li>\n<li>Conocer la experiencia de navegaci\u00f3n del usuario.<\/li>\n<li>Recopilar informaci\u00f3n estad\u00edstica an\u00f3nima, como qu\u00e9 p\u00e1ginas ha visitado el usuario o cu\u00e1nto tiempo ha permanecido en el sitio web.<\/li>\n<\/ul>\n<p>El uso de\u00a0<strong>cookies<\/strong>\u00a0permite optimizar la navegaci\u00f3n, adaptando la informaci\u00f3n y los servicios ofrecidos a los intereses del usuario, para proporcionarle una mejor experiencia siempre que visita el sitio web.<\/p>\n<p>Este sitio web utiliza\u00a0<strong>cookies<\/strong>\u00a0para funcionar, adaptar y facilitar al m\u00e1ximo la navegaci\u00f3n del usuario.<\/p>\n<p>&nbsp;<\/p>\n<ol start=\"2\">\n<li><strong> Tipolog\u00eda, finalidad y funcionamiento<\/strong><\/li>\n<\/ol>\n<p>Las\u00a0<strong>cookies<\/strong>, en funci\u00f3n de su permanencia, pueden dividirse en\u00a0<strong>cookies de sesi\u00f3n<\/strong>\u00a0o\u00a0<strong>permanentes<\/strong>. Las primeras expiran cuando el usuario cierra el navegador. Las segundas expiran cuando se cumple el objetivo para el que sirven (por ejemplo, para que el usuario se mantenga identificado en el sitio web) o bien cuando se borran manualmente.<\/p>\n<p>Adicionalmente,\u00a0<strong>en funci\u00f3n de su objetivo<\/strong>, las\u00a0<strong>cookies<\/strong>\u00a0pueden clasificarse de la siguiente forma:<\/p>\n<p><strong><u>Cookies de an\u00e1lisis<\/u><\/strong>: Son aqu\u00e9llas que bien tratadas por nosotros o por terceros, nos permiten cuantificar el n\u00famero de usuarios y as\u00ed realizar la medici\u00f3n y an\u00e1lisis estad\u00edstico de la utilizaci\u00f3n que hacen los usuarios del servicio ofertado. Para ello se analiza su navegaci\u00f3n en nuestra p\u00e1gina web con el fin de mejorar la oferta de productos o servicios que le ofrecemos.<\/p>\n<p><strong><u>Cookies t\u00e9cnicas<\/u><\/strong>: Son aquellas que permiten al usuario la navegaci\u00f3n a trav\u00e9s del \u00e1rea restringida y la utilizaci\u00f3n de sus diferentes funciones, como por ejemplo, llevar a cambio el proceso de compra de un art\u00edculo.<\/p>\n<p><strong><u>Cookies de personalizaci\u00f3n<\/u><\/strong>: Son aquellas que permiten al usuario acceder al servicio con algunas caracter\u00edsticas de car\u00e1cter general predefinidas en funci\u00f3n de una serie de criterios en el terminal del usuario como por ejemplo serian el idioma o el tipo de navegador a trav\u00e9s del cual se conecta al servicio.<\/p>\n<p><strong><u>Cookies publicitarias<\/u><\/strong>: Son aquellas que, bien tratadas por esta web o por terceros, permiten gestionar de la forma m\u00e1s eficaz posible la oferta de los espacios publicitarios que hay en la p\u00e1gina web, adecuando el contenido del anuncio al contenido del servicio solicitado o al uso que realice de nuestra p\u00e1gina web. Para ello podemos analizar sus h\u00e1bitos de navegaci\u00f3n en Internet y podemos mostrarle publicidad relacionada con su perfil de navegaci\u00f3n.<\/p>\n<p><strong><u>Cookies de publicidad comportamental<\/u><\/strong>: Son aquellas que permiten la gesti\u00f3n, de la forma m\u00e1s eficaz posible, de los espacios publicitarios que, en su caso, el editor haya incluido en una p\u00e1gina web, aplicaci\u00f3n o plataforma desde la que presta el servicio solicitado. Este tipo de cookies almacenan informaci\u00f3n del comportamiento de los visitantes obtenida a trav\u00e9s de la observaci\u00f3n continuada de sus h\u00e1bitos de navegaci\u00f3n, lo que permite desarrollar un perfil espec\u00edfico para mostrar avisos publicitarios en funci\u00f3n del mismo.<\/p>\n<p>&nbsp;<\/p>\n<ol start=\"3\">\n<li><strong> Cookies utilizadas en este sitio web<\/strong><\/li>\n<\/ol>\n<p>A continuaci\u00f3n, se muestra una tabla con las\u00a0<strong>cookies<\/strong>\u00a0utilizadas en este sitio web, la entidad que gestiona dichas cookies, el plazo de permanencia de la cookie y su finalidad:<\/p>\n<p>&nbsp;<\/p>\n<table width=\"624\">\n<tbody>\n<tr>\n<td width=\"151\"><strong>Nombre cookie<\/strong><\/td>\n<td width=\"179\"><strong>Entidad que la gestiona<\/strong><\/td>\n<td width=\"142\"><strong>Plazo de permanencia<\/strong><\/td>\n<td width=\"151\"><strong>Finalidad<\/strong><\/td>\n<\/tr>\n<tr>\n<td width=\"151\">&nbsp;<\/td>\n<td width=\"179\">propia<\/td>\n<td width=\"142\">session<\/p>\n<p>&nbsp;<\/td>\n<td width=\"151\">&nbsp;<\/td>\n<\/tr>\n<\/tbody>\n<\/table>\n<p><strong>\u00a0<\/strong><\/p>\n<ol start=\"4\">\n<li><strong> Deshabilitar el uso de cookies<\/strong><\/li>\n<\/ol>\n<p>Tambi\u00e9n puede permitir, bloquear o eliminar las cookies y otras tecnolog\u00edas instaladas en su equipo modificando las opciones de su navegador. Por ejemplo:<\/p>\n<p>Internet Explorer: <a href=\"https:\/\/support.microsoft.com\/es-es\/help\/278835\/how-to-delete-cookie-files-in-internet-explorer\" target=\"_blank\" rel=\"noopener\">https:\/\/support.microsoft.com\/es-es\/help\/278835\/how-to-delete-cookie-files-in-internet-explorer<\/a><\/p>\n<p>Mozilla Firefox: <a href=\"https:\/\/support.mozilla.org\/es\/kb\/Borrar%20cookies\" target=\"_blank\" rel=\"noopener\">https:\/\/support.mozilla.org\/es\/kb\/Borrar%20cookies<\/a><\/p>\n<p>Microsoft Edge: <a href=\"https:\/\/support.microsoft.com\/es-es\/microsoft-edge\/eliminar-las-cookies-en-microsoft-edge-63947406-40ac-c3b8-57b9-2a946a29ae09\" target=\"_blank\" rel=\"noopener\">https:\/\/support.microsoft.com\/es-es\/microsoft-edge\/eliminar-las-cookies-en-microsoft-edge-63947406-40ac-c3b8-57b9-2a946a29ae09<\/a><\/p>\n<p>Google Chrome:<\/p>\n<p><a href=\"https:\/\/support.google.com\/accounts\/answer\/61416?co=GENIE.Platform%3DDesktop&amp;hl=es\" target=\"_blank\" rel=\"noopener\">https:\/\/support.google.com\/accounts\/answer\/61416?co=GENIE.Platform%3DDesktop&amp;hl=es<\/a><\/p>\n<p>Safari: <a href=\"https:\/\/support.apple.com\/es-es\/guide\/safari\/sfri11471\/mac\" target=\"_blank\" rel=\"noopener\">https:\/\/support.apple.com\/es-es\/guide\/safari\/sfri11471\/mac<\/a><\/p>\n<p>Safari para iPhone, iPad o iPod touch: <a href=\"https:\/\/support.apple.com\/es-es\/HT201265\" target=\"_blank\" rel=\"noopener\">https:\/\/support.apple.com\/es-es\/HT201265<\/a><\/p>\n<p>Opera: <a href=\"https:\/\/help.opera.com\/en\/latest\/web-preferences\/#cookies\" target=\"_blank\" rel=\"noopener\">https:\/\/help.opera.com\/en\/latest\/web-preferences\/#cookies<\/a><\/p>\n<p>Android: Ajustes del navegador utilizado-&gt;Privacidad del navegador utilizado<\/p>\n<p>&nbsp;<\/p>\n<p>Tambi\u00e9n es posible dejar de aceptar las\u00a0<strong>cookies<\/strong>\u00a0de un servicio en particular en el panel de configuraci\u00f3n de la propia p\u00e1gina web.<\/p>\n<p>&nbsp;<\/p>\n<ol start=\"5\">\n<li><strong> \u00bfQu\u00e9 ocurre al deshabilitar las cookies?<\/strong><\/li>\n<\/ol>\n<p>Algunas funcionalidades y servicios pueden quedar deshabilitados o tener un comportamiento diferente al esperado como, por ejemplo, permanecer identificado, mantener las compras en el \u201ccarrito de la compra\u201d en un servicio de comercio electr\u00f3nico o recibir informaci\u00f3n dirigida a su localizaci\u00f3n, entre otros.<\/p>\n<p>Si deshabilita el uso de\u00a0cookies\u00a0en un sitio web es probable que deje de poder acceder a ciertas zonas del mismo o que se degrade notablemente la experiencia de navegaci\u00f3n.<\/p>\n<p>&nbsp;<\/p>\n<p>&nbsp;<\/p>\n<ol start=\"6\">\n<li><strong> \u00a0Actualizaci\u00f3n de la Pol\u00edtica de cookies<\/strong><\/li>\n<\/ol>\n<p>&nbsp;<\/p>\n<p><strong>LAWROOMSPAIN, SL <\/strong>puede modificar esta\u00a0<strong>Pol\u00edtica de cookies<\/strong>\u00a0en funci\u00f3n de exigencias legislativas, reglamentarias, o con la finalidad de adaptar dicha pol\u00edtica a las instrucciones dictadas por la Agencia Espa\u00f1ola de Protecci\u00f3n de Datos, por ello se aconseja a los usuarios que la visiten peri\u00f3dicamente.<\/p>\n<p>&nbsp;<\/p>\n<p>Cuando se produzcan cambios significativos en esta\u00a0<strong>Pol\u00edtica de cookies<\/strong>, se comunicar\u00e1 a los usuarios bien mediante la web o a trav\u00e9s de correo electr\u00f3nico a los usuarios registrados.<\/p>\n<p>&nbsp;<\/p>\n<p>\n<\/div><div class=\"bt_bb_separator bt_bb_border_style_none bt_bb_bottom_spacing_large bt_bb_hidden_xs bt_bb_hidden_ms bt_bb_hidden_sm\" data-bt-override-class=\"null\"><\/div><\/div><\/div><\/div><\/div><\/div><\/div><!-- cell_inner --><\/div><!-- cell --><\/div><!-- port --><\/section><\/p>\n","protected":false},"excerpt":{"rendered":"","protected":false},"author":1,"featured_media":0,"parent":0,"menu_order":0,"comment_status":"closed","ping_status":"closed","template":"","meta":{"footnotes":""},"class_list":["post-3751","page","type-page","status-publish","hentry"],"_links":{"self":[{"href":"https:\/\/lawroomspain.com\/es\/wp-json\/wp\/v2\/pages\/3751","targetHints":{"allow":["GET"]}}],"collection":[{"href":"https:\/\/lawroomspain.com\/es\/wp-json\/wp\/v2\/pages"}],"about":[{"href":"https:\/\/lawroomspain.com\/es\/wp-json\/wp\/v2\/types\/page"}],"author":[{"embeddable":true,"href":"https:\/\/lawroomspain.com\/es\/wp-json\/wp\/v2\/users\/1"}],"replies":[{"embeddable":true,"href":"https:\/\/lawroomspain.com\/es\/wp-json\/wp\/v2\/comments?post=3751"}],"version-history":[{"count":3,"href":"https:\/\/lawroomspain.com\/es\/wp-json\/wp\/v2\/pages\/3751\/revisions"}],"predecessor-version":[{"id":4744,"href":"https:\/\/lawroomspain.com\/es\/wp-json\/wp\/v2\/pages\/3751\/revisions\/4744"}],"wp:attachment":[{"href":"https:\/\/lawroomspain.com\/es\/wp-json\/wp\/v2\/media?parent=3751"}],"curies":[{"name":"wp","href":"https:\/\/api.w.org\/{rel}","templated":true}]}}