{"id":3749,"date":"2024-06-04T12:11:34","date_gmt":"2024-06-04T12:11:34","guid":{"rendered":"https:\/\/lawroomspain.com\/?page_id=3749"},"modified":"2024-10-29T16:21:15","modified_gmt":"2024-10-29T16:21:15","slug":"politica-de-privacidad","status":"publish","type":"page","link":"https:\/\/lawroomspain.com\/es\/politica-de-privacidad\/","title":{"rendered":"Pol\u00edtica de privacidad"},"content":{"rendered":"<p><section data-bb-version=\"5.0.1\" id=\"bt_bb_section69d119df8498d\" class=\"bt_bb_section bt_bb_color_scheme_10 bt_bb_layout_boxed_1200 bt_bb_vertical_align_top bt_bb_background_overlay_dark_solid bt_bb_top_spacing_large bt_bb_bottom_spacing_large\" style=\"; --section-primary-color:#ffffff; --section-secondary-color:#618baa;\" data-bt-override-class=\"{&quot;bt_bb_top_spacing_&quot;:{&quot;current_class&quot;:&quot;bt_bb_top_spacing_large&quot;,&quot;xxl&quot;:&quot;large&quot;},&quot;bt_bb_bottom_spacing_&quot;:{&quot;current_class&quot;:&quot;bt_bb_bottom_spacing_large&quot;,&quot;xxl&quot;:&quot;large&quot;}}\"><div class=\"bt_bb_background_image_holder_wrapper\"><div class=\"bt_bb_background_image_holder btLazyLoadBackground\"  data-background_image_src=\"https:\/\/lawroomspain.com\/wp-content\/uploads\/2024\/08\/Recepcion-cut.webp\" data-parallax-zoom-start=\"1\" data-parallax-zoom-end=\"1\" data-parallax-blur-start=\"0\" data-parallax-blur-end=\"0\" data-parallax-opacity-start=\"1\" data-parallax-opacity-end=\"1\" style=\" background-image: url(&#039;https:\/\/lawroomspain.com\/wp-content\/plugins\/bold-page-builder\/img\/blank.gif&#039;);\"><\/div><\/div><div class=\"bt_bb_port\"><div class=\"bt_bb_cell\"><div class=\"bt_bb_cell_inner\"><div class=\"bt_bb_row \"  data-bt-override-class=\"{}\"><div class=\"bt_bb_row_holder\" ><div  class=\"bt_bb_column col-xl-12 bt_bb_align_center bt_bb_padding_normal bt_bb_animation_fade_in animate\"  data-width=\"12\" data-bt-override-class=\"{}\"><div class=\"bt_bb_column_content bt_bb_vertical_align_top bt_bb_color_scheme_\"><div class=\"bt_bb_column_content_inner\"><div class=\"bt_bb_separator bt_bb_border_style_none bt_bb_bottom_spacing_large bt_bb_hidden_xs bt_bb_hidden_ms bt_bb_hidden_sm\" data-bt-override-class=\"null\"><\/div><header data-bb-version=\"5.1.3\" class=\"bt_bb_headline bt_bb_color_scheme_6 bt_bb_dash_none bt_bb_size_extralarge bt_bb_align_inherit\" style=\"; --primary-color:#ffffff; --secondary-color:#e2b756;\" data-bt-override-class=\"{&quot;bt_bb_size_&quot;:{&quot;current_class&quot;:&quot;bt_bb_size_extralarge&quot;,&quot;xxl&quot;:&quot;extralarge&quot;},&quot;bt_bb_align_&quot;:{&quot;current_class&quot;:&quot;bt_bb_align_inherit&quot;,&quot;xxl&quot;:&quot;inherit&quot;}}\"><h3 class=\"bt_bb_headline_tag\"><span class=\"bt_bb_headline_content\"><span>Pol\u00edtica de privacidad<\/span><\/span><\/h3><\/header><div data-bb-version=\"5.1.3\" class=\"bt_bb_separator bt_bb_border_style_none bt_bb_top_spacing_none bt_bb_bottom_spacing_normal bt_bb_hidden_xs bt_bb_hidden_ms bt_bb_hidden_sm\" data-bt-override-class=\"{&quot;bt_bb_top_spacing_&quot;:{&quot;current_class&quot;:&quot;bt_bb_top_spacing_none&quot;,&quot;xxl&quot;:&quot;none&quot;},&quot;bt_bb_bottom_spacing_&quot;:{&quot;current_class&quot;:&quot;bt_bb_bottom_spacing_normal&quot;,&quot;xxl&quot;:&quot;normal&quot;}}\"><\/div><div class=\"bt_bb_separator bt_bb_border_style_none bt_bb_bottom_spacing_large bt_bb_hidden_xs bt_bb_hidden_ms bt_bb_hidden_sm\" data-bt-override-class=\"null\"><\/div><\/div><\/div><\/div><\/div><\/div><\/div><!-- cell_inner --><\/div><!-- cell --><\/div><!-- port --><\/section><section data-bb-version=\"5.1.3\" id=\"bt_bb_section69d119df84ce8\" class=\"bt_bb_section bt_bb_layout_boxed_1200\"  data-bt-override-class=\"null\"><div class=\"bt_bb_port\"><div class=\"bt_bb_cell\"><div class=\"bt_bb_cell_inner\"><div class=\"bt_bb_row \"  data-bt-override-class=\"{}\"><div class=\"bt_bb_row_holder\" ><div data-bb-version=\"5.1.3\"  class=\"bt_bb_column col-xl-12 col-xs-12 col-sm-12 col-md-12 col-lg-12 bt_bb_align_left bt_bb_padding_normal\"  data-width=\"12\" data-bt-override-class=\"{}\"><div class=\"bt_bb_column_content bt_bb_vertical_align_top bt_bb_color_scheme_\"><div class=\"bt_bb_column_content_inner\"><div class=\"bt_bb_separator bt_bb_border_style_none bt_bb_bottom_spacing_large bt_bb_hidden_xs bt_bb_hidden_ms bt_bb_hidden_sm\" data-bt-override-class=\"null\"><\/div><div data-bb-version=\"5.1.3\"  class=\"bt_bb_text\" ><\/p>\n<p><strong><u>CLAUSULA INFORMATIVA<\/u><\/strong><\/p>\n<p>En cumplimiento de los principios de licitud y transparencia de acuerdo al art\u00edculo 13 del Reglamento (UE) 2016\/679 del Parlamento Europeo y del Consejo, de 27 de abril de 2016, relativo a la protecci\u00f3n de las personas f\u00edsicas en lo que respecta al tratamiento de datos personales (RGPD), LAWROOMSPAIN, SL, con NIF B76116433 y direcci\u00f3n electr\u00f3nica \u00a0https:\/\/lawroomspain.com\/es\/ le informa de las caracter\u00edsticas de los tratamientos de datos personales que se realizan bajo su responsabilidad:<\/p>\n<p><strong>Tratamiento:<\/strong> (I) Consultas web. (II) Asesoramiento legal y representaci\u00f3n procesal. (III) Gesti\u00f3n administrativa \u00a0(IV) Gesti\u00f3n contable, fiscal y mercantil. (V) Asesoramiento en materia cumplimiento normativo. (VI) Atenci\u00f3n de derechos sobre la privacidad de los interesados.<\/p>\n<p><strong>Finalidad:<\/strong> (I) Atenci\u00f3n de solicitudes recibidas a trav\u00e9s de la Web. (II) Gesti\u00f3n de expedientes relativos a la prestaci\u00f3n de los servicios de asesoramiento jur\u00eddico. (III) Gesti\u00f3n administrativa que implica, cobros y pagos y relaci\u00f3n con clientes y proveedores. (IV) Confecci\u00f3n de la contabilidad oficial y c\u00e1lculo, presentaci\u00f3n y liquidaci\u00f3n de impuestos, elaboraci\u00f3n de documentos mercantiles, como balances y memorias. (V) Gesti\u00f3n de expedientes relativos servicio de cumplimiento normativo. (VI) Atender las solicitudes de ejercicios de derechos relacionados con los datos personales, as\u00ed como las violaciones de seguridad que puedan afectar a los derechos y libertades de los interesados.<\/p>\n<p><strong>Legitimaci\u00f3n:<\/strong> (I) Consentimiento del interesado. (II), (III) y (V) Aplicaci\u00f3n de medidas contractuales y precontractuales. (IV) y (VI) Obligaci\u00f3n legal: Art. 6.1.c) RGPD.<\/p>\n<p><strong>Plazo de Conservaci\u00f3n:<\/strong> (I) El plazo necesario para el atender la solicitud, as\u00ed como mientras duren las responsabilidades que se puedan derivar de ellas. (II), (III), (V) y (VI) Mientras dure la prestaci\u00f3n del servicio y el plazo necesario para atender cuestiones relacionadas con los servicios prestados. (IV) Cinco a\u00f1os a efectos mercantiles, y el plazo necesario para atender responsabilidades derivadas de la liquidaci\u00f3n de impuestos.<\/p>\n<p>En general el plazo mientras dure las responsabilidades que se puedan derivar de cada uno de los tratamientos.<\/p>\n<p><strong>Destinatarios: <\/strong>(II) Organismos jurisdiccionales. (VI) Agencia Espa\u00f1ola de Protecci\u00f3n de Datos.<\/p>\n<p><strong>Ejercicio de derechos:<\/strong> Podr\u00e1 ejercitar su derecho de acceso, rectificaci\u00f3n, supresi\u00f3n, limitaci\u00f3n y oposici\u00f3n al tratamiento, en los t\u00e9rminos y condiciones establecidas en la normativa de protecci\u00f3n de datos personales Reglamento (UE) 2016\/679 del Parlamento Europeo y del Consejo, de 27 de abril de 2016<strong>,<\/strong>\u00a0relativo a la protecci\u00f3n de las personas f\u00edsicas en lo que respecta al tratamiento de datos personales, enviando una solicitud por email a: lpa@lawroomspain.com, indicando en todo caso la Referencia: \u201cProtecci\u00f3n de datos\u201d junto con alg\u00fan documento que acredite su identidad, as\u00ed como a presentar reclamaci\u00f3n ante la Agencia Espa\u00f1ola de Protecci\u00f3n de Datos.<\/p>\n<p>&nbsp;<\/p>\n<p><strong><u>INFORMACI\u00d3N ADICIONAL<\/u><\/strong><\/p>\n<p><strong>Divulgaci\u00f3n a terceros<\/strong><\/p>\n<p>Al igual que en los supuestos anteriores, los datos que comunicamos a terceros, est\u00e1n siempre limitados al m\u00ednimo necesario.<\/p>\n<p><strong>\u00bfQu\u00e9 medidas de Seguridad aplicamos a los datos personales?<\/strong><\/p>\n<p>LAWROOMSPAIN, SL cuenta con pol\u00edticas apropiadas y medidas t\u00e9cnicas y organizativas para salvaguardar y proteger sus datos personales contra el acceso ilegal o no autorizado, p\u00e9rdida o destrucci\u00f3n accidental, da\u00f1os, uso y divulgaci\u00f3n ilegal o no autorizada.<\/p>\n<p>Tambi\u00e9n tomaremos todas las precauciones razonables para garantizar que nuestro personal y los empleados que tienen acceso a sus datos personales hayan recibido la formaci\u00f3n adecuada.<\/p>\n<p>&nbsp;<\/p>\n<p><strong>\u00bfCu\u00e1les son sus derechos como titular de los datos? <\/strong><\/p>\n<p>Usted tiene derecho a solicitar la supresi\u00f3n de sus datos cuando, entre otros motivos, los datos ya no sean necesarios para los fines que fueron recogidos.\u2028Usted tiene derecho a obtener confirmaci\u00f3n sobre si en LAWROOMSPAIN, SL estamos tratando datos personales suyos o no. Usted tiene derecho a acceder a sus datos personales y obtener copia de ellos, as\u00ed como a solicitar la rectificaci\u00f3n de los datos inexactos o, en su caso, solicitar su supresi\u00f3n cuando, entre otros motivos, los datos ya no sean necesarios para los fines que fueron recogidos. En determinadas circunstancias, usted podr\u00e1 solicitar la limitaci\u00f3n del tratamiento de sus datos, en cuyo caso \u00fanicamente los conservaremos para el ejercicio o la defensa de reclamaciones. En determinadas circunstancias y por motivos relacionados con su situaci\u00f3n particular, usted podr\u00e1 oponerse al tratamiento de sus datos. LAWROOMSPAIN, SL dejar\u00e1 de tratar los datos, salvo por motivos leg\u00edtimos imperiosos, o el ejercicio o la defensa de posibles reclamaciones. Asimismo, puede ejercer el derecho a la portabilidad de los datos, as\u00ed como revocar los consentimientos que haya facilitado. Podr\u00e1 ejercer dichos derechos mediante una solicitud al correo electr\u00f3nico lpa@lawroomspain.com adjuntando alg\u00fan documento que acredite su identidad, e indicando claramente el derecho que quiere ejercer. Finalmente indicarle que puede presentar una reclamaci\u00f3n ante la Agencia Espa\u00f1ola de Protecci\u00f3n de Datos, especialmente cuando no haya obtenido satisfacci\u00f3n en el ejercicio de sus derechos.<\/p>\n<p>&nbsp;<\/p>\n<p>\n<\/div><div class=\"bt_bb_separator bt_bb_border_style_none bt_bb_bottom_spacing_large bt_bb_hidden_xs bt_bb_hidden_ms bt_bb_hidden_sm\" data-bt-override-class=\"null\"><\/div><\/div><\/div><\/div><\/div><\/div><\/div><!-- cell_inner --><\/div><!-- cell --><\/div><!-- port --><\/section><\/p>\n","protected":false},"excerpt":{"rendered":"","protected":false},"author":1,"featured_media":0,"parent":0,"menu_order":0,"comment_status":"closed","ping_status":"closed","template":"","meta":{"footnotes":""},"class_list":["post-3749","page","type-page","status-publish","hentry"],"_links":{"self":[{"href":"https:\/\/lawroomspain.com\/es\/wp-json\/wp\/v2\/pages\/3749","targetHints":{"allow":["GET"]}}],"collection":[{"href":"https:\/\/lawroomspain.com\/es\/wp-json\/wp\/v2\/pages"}],"about":[{"href":"https:\/\/lawroomspain.com\/es\/wp-json\/wp\/v2\/types\/page"}],"author":[{"embeddable":true,"href":"https:\/\/lawroomspain.com\/es\/wp-json\/wp\/v2\/users\/1"}],"replies":[{"embeddable":true,"href":"https:\/\/lawroomspain.com\/es\/wp-json\/wp\/v2\/comments?post=3749"}],"version-history":[{"count":4,"href":"https:\/\/lawroomspain.com\/es\/wp-json\/wp\/v2\/pages\/3749\/revisions"}],"predecessor-version":[{"id":4855,"href":"https:\/\/lawroomspain.com\/es\/wp-json\/wp\/v2\/pages\/3749\/revisions\/4855"}],"wp:attachment":[{"href":"https:\/\/lawroomspain.com\/es\/wp-json\/wp\/v2\/media?parent=3749"}],"curies":[{"name":"wp","href":"https:\/\/api.w.org\/{rel}","templated":true}]}}