{"id":4650,"date":"2024-06-04T12:11:43","date_gmt":"2024-06-04T12:11:43","guid":{"rendered":"https:\/\/lawroomspain.com\/cookies-politik\/"},"modified":"2024-10-04T11:19:42","modified_gmt":"2024-10-04T11:19:42","slug":"cookies-politik","status":"publish","type":"page","link":"https:\/\/lawroomspain.com\/de\/cookies-politik\/","title":{"rendered":"Cookies Politik"},"content":{"rendered":"<p><section data-bb-version=\"5.0.1\" id=\"bt_bb_section69e4dab8cb2ed\" class=\"bt_bb_section bt_bb_color_scheme_10 bt_bb_layout_boxed_1200 bt_bb_vertical_align_top bt_bb_background_overlay_dark_solid bt_bb_top_spacing_large bt_bb_bottom_spacing_large\" style=\"; --section-primary-color:#ffffff; --section-secondary-color:#618baa;\" data-bt-override-class=\"{&quot;bt_bb_top_spacing_&quot;:{&quot;current_class&quot;:&quot;bt_bb_top_spacing_large&quot;,&quot;xxl&quot;:&quot;large&quot;},&quot;bt_bb_bottom_spacing_&quot;:{&quot;current_class&quot;:&quot;bt_bb_bottom_spacing_large&quot;,&quot;xxl&quot;:&quot;large&quot;}}\"><div class=\"bt_bb_background_image_holder_wrapper\"><div class=\"bt_bb_background_image_holder btLazyLoadBackground\"  data-background_image_src=\"https:\/\/lawroomspain.com\/wp-content\/uploads\/2024\/08\/Recepcion-cut.webp\" data-parallax-zoom-start=\"1\" data-parallax-zoom-end=\"1\" data-parallax-blur-start=\"0\" data-parallax-blur-end=\"0\" data-parallax-opacity-start=\"1\" data-parallax-opacity-end=\"1\" style=\" background-image: url(&#039;https:\/\/lawroomspain.com\/wp-content\/plugins\/bold-page-builder\/img\/blank.gif&#039;);\"><\/div><\/div><div class=\"bt_bb_port\"><div class=\"bt_bb_cell\"><div class=\"bt_bb_cell_inner\"><div class=\"bt_bb_row \"  data-bt-override-class=\"{}\"><div class=\"bt_bb_row_holder\" ><div  class=\"bt_bb_column col-xl-12 bt_bb_align_center bt_bb_padding_normal bt_bb_animation_fade_in animate\"  data-width=\"12\" data-bt-override-class=\"{}\"><div class=\"bt_bb_column_content bt_bb_vertical_align_top bt_bb_color_scheme_\"><div class=\"bt_bb_column_content_inner\"><div class=\"bt_bb_separator bt_bb_border_style_none bt_bb_bottom_spacing_large bt_bb_hidden_xs bt_bb_hidden_ms bt_bb_hidden_sm\" data-bt-override-class=\"null\"><\/div><header data-bb-version=\"5.1.3\" class=\"bt_bb_headline bt_bb_color_scheme_6 bt_bb_dash_none bt_bb_size_extralarge bt_bb_align_inherit\" style=\"; --primary-color:#ffffff; --secondary-color:#e2b756;\" data-bt-override-class=\"{&quot;bt_bb_size_&quot;:{&quot;current_class&quot;:&quot;bt_bb_size_extralarge&quot;,&quot;xxl&quot;:&quot;extralarge&quot;},&quot;bt_bb_align_&quot;:{&quot;current_class&quot;:&quot;bt_bb_align_inherit&quot;,&quot;xxl&quot;:&quot;inherit&quot;}}\"><h3 class=\"bt_bb_headline_tag\"><span class=\"bt_bb_headline_content\"><span>Cookies Politik<\/span><\/span><\/h3><\/header><div data-bb-version=\"5.1.3\" class=\"bt_bb_separator bt_bb_border_style_none bt_bb_top_spacing_none bt_bb_bottom_spacing_normal bt_bb_hidden_xs bt_bb_hidden_ms bt_bb_hidden_sm\" data-bt-override-class=\"{&quot;bt_bb_top_spacing_&quot;:{&quot;current_class&quot;:&quot;bt_bb_top_spacing_none&quot;,&quot;xxl&quot;:&quot;none&quot;},&quot;bt_bb_bottom_spacing_&quot;:{&quot;current_class&quot;:&quot;bt_bb_bottom_spacing_normal&quot;,&quot;xxl&quot;:&quot;normal&quot;}}\"><\/div><div class=\"bt_bb_separator bt_bb_border_style_none bt_bb_bottom_spacing_large bt_bb_hidden_xs bt_bb_hidden_ms bt_bb_hidden_sm\" data-bt-override-class=\"null\"><\/div><\/div><\/div><\/div><\/div><\/div><\/div><!-- cell_inner --><\/div><!-- cell --><\/div><!-- port --><\/section><section data-bb-version=\"5.1.3\" id=\"bt_bb_section69e4dab8cb757\" class=\"bt_bb_section bt_bb_layout_boxed_1200\"  data-bt-override-class=\"null\"><div class=\"bt_bb_port\"><div class=\"bt_bb_cell\"><div class=\"bt_bb_cell_inner\"><div class=\"bt_bb_row \"  data-bt-override-class=\"{}\"><div class=\"bt_bb_row_holder\" ><div data-bb-version=\"5.1.3\"  class=\"bt_bb_column col-xl-12 col-xs-12 col-sm-12 col-md-12 col-lg-12 bt_bb_align_left bt_bb_padding_normal\"  data-width=\"12\" data-bt-override-class=\"{}\"><div class=\"bt_bb_column_content bt_bb_vertical_align_top bt_bb_color_scheme_\"><div class=\"bt_bb_column_content_inner\"><div class=\"bt_bb_separator bt_bb_border_style_none bt_bb_bottom_spacing_large bt_bb_hidden_xs bt_bb_hidden_ms bt_bb_hidden_sm\" data-bt-override-class=\"null\"><\/div><div data-bb-version=\"5.1.3\"  class=\"bt_bb_text\" ><p>  Diese Website verwendet, wie die meisten Websites im Internet, <strong>Cookies<\/strong>, um die Benutzerfreundlichkeit zu verbessern und zu optimieren.<br \/>\nIm Folgenden finden Sie ausf\u00fchrliche Informationen dar\u00fcber, was <strong>Cookies<\/strong> sind, welche Art von <strong>Cookies<\/strong> diese Website verwendet, wie Sie sie in Ihrem Browser deaktivieren k\u00f6nnen und wie Sie die Installation von <strong>Cookies<\/strong> Dritter gezielt blockieren k\u00f6nnen.   &nbsp;<\/p>\n<ol>\n<li><strong>  Was sind Cookies?<\/strong><\/li>\n<\/ol>\n<p> <strong>Cookies<\/strong> sind Dateien, die von Websites oder Anwendungen auf dem Browser oder dem Ger\u00e4t des Benutzers (Smartphone, Tablet oder angeschlossener Fernseher) installiert werden, w\u00e4hrend er die Seiten der Website oder der Anwendung besucht, und die dazu dienen, Informationen \u00fcber seinen Besuch zu speichern.<br \/>\nWie die meisten Websites verwendet auch diese Website <strong>Cookies<\/strong>, um:   <\/p>\n<ul>\n<li>Stellen Sie sicher, dass die Webseiten ordnungsgem\u00e4\u00df funktionieren.<\/li>\n<li>Speichern Sie Voreinstellungen, wie z.B. die von Ihnen gew\u00e4hlte Sprache oder die Schriftgr\u00f6\u00dfe.<\/li>\n<li>Um das Surfverhalten des Benutzers zu kennen.<\/li>\n<li>Sammeln Sie anonyme statistische Informationen, z.B. welche Seiten der Benutzer besucht hat oder wie lange er auf der Website geblieben ist.<\/li>\n<\/ul>\n<p>  Die Verwendung von <strong>Cookies<\/strong> erm\u00f6glicht es, das Surfen zu optimieren, indem die angebotenen Informationen und Dienste an die Interessen des Nutzers angepasst werden, um ihm bei jedem Besuch der Website ein besseres Erlebnis zu bieten.<br \/>\nDiese Website verwendet <strong>Cookies<\/strong>, um zu funktionieren, sich anzupassen und das Surfen f\u00fcr den Benutzer so weit wie m\u00f6glich zu erleichtern.   &nbsp;<\/p>\n<ol start=\"2\">\n<li><strong>  Typologie, Zweck und Funktionsweise<\/strong><\/li>\n<\/ol>\n<p> <strong>Cookies<\/strong> k\u00f6nnen je nach ihrer Dauer in <strong>Sitzungs-<\/strong> oder <strong>permanente<\/strong> <strong>Cookies<\/strong> unterteilt werden.<br \/>\nErstere erl\u00f6schen, wenn der Benutzer den Browser schlie\u00dft.<br \/>\nLetztere erl\u00f6schen, wenn der Zweck, f\u00fcr den sie verwendet werden, erf\u00fcllt ist (z.B. damit der Benutzer auf der Website identifiziert bleibt) oder wenn sie manuell gel\u00f6scht werden.<br \/>\nAu\u00dferdem k\u00f6nnen <strong>Cookies<\/strong> <strong>je nach ihrem Zweck<\/strong> wie folgt klassifiziert werden: <strong><u>Analyse-Cookies<\/u><\/strong>Es handelt sich um Cookies, die entweder von uns oder von Dritten verarbeitet werden, die es uns erm\u00f6glichen, die Anzahl der Nutzer zu quantifizieren und somit die Messung und statistische Analyse der Nutzung des angebotenen Dienstes durch die Nutzer durchzuf\u00fchren.<br \/>\nZu diesem Zweck wird Ihr Surfverhalten auf unserer Website analysiert, um das Angebot an Produkten oder Dienstleistungen zu verbessern.<br \/>\n<strong><u>Technische Cookies<\/u><\/strong>Diese erm\u00f6glichen es dem Benutzer, den gesch\u00fctzten Bereich zu durchst\u00f6bern und die verschiedenen Funktionen zu nutzen, wie z.B. den Kaufvorgang eines Artikels.<br \/>\n<strong><u>Personalisierungs-Cookies<\/u><\/strong>Das sind Cookies, die es dem Benutzer erm\u00f6glichen, auf den Dienst mit einigen allgemeinen Merkmalen zuzugreifen, die anhand einer Reihe von Kriterien im Endger\u00e4t des Benutzers vordefiniert wurden, wie z.B. die Sprache oder der Browsertyp, \u00fcber den sich der Benutzer mit dem Dienst verbindet.<br \/>\n<strong><u>Werbe-Cookies<\/u><\/strong>Es handelt sich um Cookies, die entweder von dieser Website oder von Dritten verarbeitet werden und die es uns erm\u00f6glichen, das Angebot an Werbefl\u00e4chen auf der Website so effizient wie m\u00f6glich zu verwalten und den Inhalt der Werbung an den Inhalt des angeforderten Dienstes oder an die Nutzung unserer Website durch Sie anzupassen.<br \/>\nZu diesem Zweck k\u00f6nnen wir Ihre Surfgewohnheiten im Internet analysieren und Ihnen Werbung zeigen, die mit Ihrem Surfprofil in Verbindung steht. <strong><u>Cookies f\u00fcr verhaltensbasierte Werbung<\/u><\/strong>Es handelt sich um Cookies, die eine m\u00f6glichst effiziente Verwaltung der Werbefl\u00e4chen erm\u00f6glichen, die der Herausgeber gegebenenfalls auf einer Website, einer Anwendung oder einer Plattform, von der aus der angeforderte Dienst bereitgestellt wird, eingef\u00fcgt hat.<br \/>\nDiese Art von Cookies speichert Informationen \u00fcber das Verhalten der Besucher, die durch die kontinuierliche Beobachtung ihrer Surfgewohnheiten gewonnen werden, wodurch ein spezifisches Profil erstellt werden kann, um darauf basierende Werbung anzuzeigen.           &nbsp;<\/p>\n<ol start=\"3\">\n<li><strong>  Auf dieser Website verwendete Cookies<\/strong><\/li>\n<\/ol>\n<p>  Nachstehend finden Sie eine Tabelle mit den auf dieser Website verwendeten <strong>Cookies<\/strong>, der Einrichtung, die diese Cookies verwaltet, der Dauer des Cookies und seinem Zweck:  &nbsp;<\/p>\n<table width=\"624\">\n<tbody>\n<tr>\n<td width=\"151\"><strong>Name des Cookies<\/strong><\/td>\n<td width=\"179\"><strong>Verwaltende Instanz<\/strong><\/td>\n<td width=\"142\"><strong>Dauer der Aufbewahrung<\/strong><\/td>\n<td width=\"151\"><strong>Zweck<\/strong><\/td>\n<\/tr>\n<tr>\n<td width=\"151\">&nbsp;<\/td>\n<td width=\"179\">eigene<\/td>\n<td width=\"142\">Sitzung &nbsp;<\/td>\n<td width=\"151\">&nbsp;<\/td>\n<\/tr>\n<\/tbody>\n<\/table>\n<p><strong> <\/strong><\/p>\n<ol start=\"4\">\n<li><strong>  Deaktivieren Sie die Verwendung von Cookies<\/strong><\/li>\n<\/ol>\n<p>  Sie k\u00f6nnen Cookies und andere auf Ihrem Computer installierte Technologien auch zulassen, blockieren oder l\u00f6schen, indem Sie die Optionen Ihres Browsers \u00e4ndern.<br \/>\n&gt; &nbsp; Zum Beispiel: Internet Explorer: <a href=\"https:\/\/support.microsoft.com\/es-es\/help\/278835\/how-to-delete-cookie-files-in-internet-explorer\" target=\"_blank\" rel=\"noopener\">https:\/\/support.microsoft.com\/es-es\/help\/278835\/how-to-delete-cookie-files-in-internet-explorer<\/a> Mozilla Firefox: <a href=\"https:\/\/support.mozilla.org\/es\/kb\/Borrar%20cookies\" target=\"_blank\" rel=\"noopener\">https:\/\/support.mozilla.org\/es\/kb\/Borrar%20cookies<\/a> Microsoft Edge: <a href=\"https:\/\/support.microsoft.com\/es-es\/microsoft-edge\/eliminar-las-cookies-en-microsoft-edge-63947406-40ac-c3b8-57b9-2a946a29ae09\" target=\"_blank\" rel=\"noopener\">https:\/\/support.microsoft.com\/es-es\/microsoft-edge\/eliminar-las-cookies-en-microsoft-edge-63947406-40ac-c3b8-57b9-2a946a29ae09<\/a> Google Chrome: <a href=\"https:\/\/support.google.com\/accounts\/answer\/61416?co=GENIE.Platform%3DDesktop&amp;hl=es\" target=\"_blank\" rel=\"noopener\">https:\/\/support.google.com\/accounts\/answer\/61416?co=GENIE.Platform%3DDesktop&amp;hl=es<\/a> Safari: <a href=\"https:\/\/support.apple.com\/es-es\/guide\/safari\/sfri11471\/mac\" target=\"_blank\" rel=\"noopener\">https:\/\/support.apple.com\/es-es\/guide\/safari\/sfri11471\/mac<\/a> Safari f\u00fcr iPhone, iPad oder iPod touch: <a href=\"https:\/\/support.apple.com\/es-es\/HT201265\" target=\"_blank\" rel=\"noopener\">https:\/\/support.apple.com\/es-es\/HT201265<\/a> Opera: <a href=\"https:\/\/help.opera.com\/en\/latest\/web-preferences\/#cookies\" target=\"_blank\" rel=\"noopener\">https:\/\/help.opera.com\/en\/latest\/web-preferences\/#cookies<\/a> Android: Einstellungen des verwendeten Browsers- Datenschutz des verwendeten Browsers Es ist auch m\u00f6glich, die Annahme von <strong>Cookies<\/strong> eines bestimmten Dienstes im Einstellungsfenster der Website selbst zu unterbinden.   &nbsp;<\/p>\n<ol start=\"5\">\n<li><strong>  Was passiert, wenn ich Cookies deaktiviere?<\/strong><\/li>\n<\/ol>\n<p>  Einige Funktionen und Dienste k\u00f6nnen deaktiviert sein oder sich anders als erwartet verhalten, wie z.B. das Beibehalten der Identifizierung, das Beibehalten von Eink\u00e4ufen im &#8222;Einkaufswagen&#8220; in einem E-Commerce-Dienst oder der Erhalt von Informationen, die auf Ihren Standort ausgerichtet sind, um nur einige zu nennen.<br \/>\nWenn Sie die Verwendung von Cookies auf einer Website deaktivieren, ist es wahrscheinlich, dass Sie auf bestimmte Bereiche der Website nicht mehr zugreifen k\u00f6nnen oder dass sich Ihr Surferlebnis erheblich verschlechtert.   &nbsp;<\/p>\n<p>&nbsp;<\/p>\n<ol start=\"6\">\n<li><strong>  Cookie-Richtlinie Update<\/strong><\/li>\n<\/ol>\n<p>&nbsp;<\/p>\n<p><strong>LAWROOMSPAIN, SL <\/strong>kann diese <strong>Cookie-Richtlinie<\/strong> aufgrund gesetzlicher oder beh\u00f6rdlicher Anforderungen oder zur Anpassung an die von der spanischen Datenschutzbeh\u00f6rde herausgegebenen Anweisungen \u00e4ndern, weshalb den Benutzern empfohlen wird, sie regelm\u00e4\u00dfig zu besuchen. &nbsp; Wenn wesentliche \u00c4nderungen an dieser <strong>Cookie-Richtlinie<\/strong> vorgenommen werden, werden die Benutzer entweder \u00fcber die Website oder per E-Mail an die registrierten Benutzer benachrichtigt.  &nbsp;<\/p>\n<p>\n<\/div><div class=\"bt_bb_separator bt_bb_border_style_none bt_bb_bottom_spacing_large bt_bb_hidden_xs bt_bb_hidden_ms bt_bb_hidden_sm\" data-bt-override-class=\"null\"><\/div><\/div><\/div><\/div><\/div><\/div><\/div><!-- cell_inner --><\/div><!-- cell --><\/div><!-- port --><\/section><\/p>\n","protected":false},"excerpt":{"rendered":"","protected":false},"author":1,"featured_media":0,"parent":0,"menu_order":0,"comment_status":"closed","ping_status":"closed","template":"","meta":{"footnotes":""},"class_list":["post-4650","page","type-page","status-publish","hentry"],"_links":{"self":[{"href":"https:\/\/lawroomspain.com\/de\/wp-json\/wp\/v2\/pages\/4650","targetHints":{"allow":["GET"]}}],"collection":[{"href":"https:\/\/lawroomspain.com\/de\/wp-json\/wp\/v2\/pages"}],"about":[{"href":"https:\/\/lawroomspain.com\/de\/wp-json\/wp\/v2\/types\/page"}],"author":[{"embeddable":true,"href":"https:\/\/lawroomspain.com\/de\/wp-json\/wp\/v2\/users\/1"}],"replies":[{"embeddable":true,"href":"https:\/\/lawroomspain.com\/de\/wp-json\/wp\/v2\/comments?post=4650"}],"version-history":[{"count":2,"href":"https:\/\/lawroomspain.com\/de\/wp-json\/wp\/v2\/pages\/4650\/revisions"}],"predecessor-version":[{"id":4785,"href":"https:\/\/lawroomspain.com\/de\/wp-json\/wp\/v2\/pages\/4650\/revisions\/4785"}],"wp:attachment":[{"href":"https:\/\/lawroomspain.com\/de\/wp-json\/wp\/v2\/media?parent=4650"}],"curies":[{"name":"wp","href":"https:\/\/api.w.org\/{rel}","templated":true}]}}