{"id":4649,"date":"2024-06-04T12:11:34","date_gmt":"2024-06-04T12:11:34","guid":{"rendered":"https:\/\/lawroomspain.com\/datenschutzbestimmungen\/"},"modified":"2024-10-29T15:37:15","modified_gmt":"2024-10-29T15:37:15","slug":"datenschutzbestimmungen","status":"publish","type":"page","link":"https:\/\/lawroomspain.com\/de\/datenschutzbestimmungen\/","title":{"rendered":"Datenschutzbestimmungen"},"content":{"rendered":"<p><section data-bb-version=\"5.1.3\" id=\"bt_bb_section69e0699d04161\" class=\"bt_bb_section bt_bb_layout_boxed_1200 bt_bb_vertical_align_top bt_bb_background_overlay_dark_solid bt_bb_top_spacing_large bt_bb_bottom_spacing_large\"  data-bt-override-class=\"{&quot;bt_bb_top_spacing_&quot;:{&quot;current_class&quot;:&quot;bt_bb_top_spacing_large&quot;,&quot;xxl&quot;:&quot;large&quot;},&quot;bt_bb_bottom_spacing_&quot;:{&quot;current_class&quot;:&quot;bt_bb_bottom_spacing_large&quot;,&quot;xxl&quot;:&quot;large&quot;}}\"><div class=\"bt_bb_background_image_holder_wrapper\"><div class=\"bt_bb_background_image_holder btLazyLoadBackground\"  data-background_image_src=\"https:\/\/lawroomspain.com\/wp-content\/uploads\/2024\/08\/Recepcion-cut.webp\" data-parallax-zoom-start=\"1\" data-parallax-zoom-end=\"1\" data-parallax-blur-start=\"0\" data-parallax-blur-end=\"0\" data-parallax-opacity-start=\"1\" data-parallax-opacity-end=\"1\" style=\" background-image: url(&#039;https:\/\/lawroomspain.com\/wp-content\/plugins\/bold-page-builder\/img\/blank.gif&#039;);\"><\/div><\/div><div class=\"bt_bb_port\"><div class=\"bt_bb_cell\"><div class=\"bt_bb_cell_inner\"><div class=\"bt_bb_row \"  data-bt-override-class=\"{}\"><div class=\"bt_bb_row_holder\" ><div  class=\"bt_bb_column col-xl-12 bt_bb_align_center bt_bb_padding_normal bt_bb_animation_fade_in animate\"  data-width=\"12\" data-bt-override-class=\"{}\"><div class=\"bt_bb_column_content bt_bb_vertical_align_top bt_bb_color_scheme_\"><div class=\"bt_bb_column_content_inner\"><div class=\"bt_bb_separator bt_bb_border_style_none bt_bb_bottom_spacing_large bt_bb_hidden_xs bt_bb_hidden_ms bt_bb_hidden_sm\" data-bt-override-class=\"null\"><\/div><header data-bb-version=\"5.1.3\" class=\"bt_bb_headline bt_bb_color_scheme_6 bt_bb_dash_none bt_bb_size_extralarge bt_bb_align_inherit\" style=\"; --primary-color:#ffffff; --secondary-color:#e2b756;\" data-bt-override-class=\"{&quot;bt_bb_size_&quot;:{&quot;current_class&quot;:&quot;bt_bb_size_extralarge&quot;,&quot;xxl&quot;:&quot;extralarge&quot;},&quot;bt_bb_align_&quot;:{&quot;current_class&quot;:&quot;bt_bb_align_inherit&quot;,&quot;xxl&quot;:&quot;inherit&quot;}}\"><h3 class=\"bt_bb_headline_tag\"><span class=\"bt_bb_headline_content\"><span>INFORMATIONSKLAUSEL<\/span><\/span><\/h3><\/header><div data-bb-version=\"5.1.3\" class=\"bt_bb_separator bt_bb_border_style_none bt_bb_top_spacing_none bt_bb_bottom_spacing_normal bt_bb_hidden_xs bt_bb_hidden_ms bt_bb_hidden_sm\" data-bt-override-class=\"{&quot;bt_bb_top_spacing_&quot;:{&quot;current_class&quot;:&quot;bt_bb_top_spacing_none&quot;,&quot;xxl&quot;:&quot;none&quot;},&quot;bt_bb_bottom_spacing_&quot;:{&quot;current_class&quot;:&quot;bt_bb_bottom_spacing_normal&quot;,&quot;xxl&quot;:&quot;normal&quot;}}\"><\/div><div class=\"bt_bb_separator bt_bb_border_style_none bt_bb_bottom_spacing_large bt_bb_hidden_xs bt_bb_hidden_ms bt_bb_hidden_sm\" data-bt-override-class=\"null\"><\/div><\/div><\/div><\/div><\/div><\/div><\/div><!-- cell_inner --><\/div><!-- cell --><\/div><!-- port --><\/section><section data-bb-version=\"5.1.3\" id=\"bt_bb_section69e0699d044c9\" class=\"bt_bb_section bt_bb_layout_boxed_1200\"  data-bt-override-class=\"null\"><div class=\"bt_bb_port\"><div class=\"bt_bb_cell\"><div class=\"bt_bb_cell_inner\"><div class=\"bt_bb_row \"  data-bt-override-class=\"{}\"><div class=\"bt_bb_row_holder\" ><div data-bb-version=\"5.1.3\"  class=\"bt_bb_column col-xl-12 col-xs-12 col-sm-12 col-md-12 col-lg-12 bt_bb_align_left bt_bb_padding_normal\"  data-width=\"12\" data-bt-override-class=\"{}\"><div class=\"bt_bb_column_content bt_bb_vertical_align_top bt_bb_color_scheme_\"><div class=\"bt_bb_column_content_inner\"><div class=\"bt_bb_separator bt_bb_border_style_none bt_bb_bottom_spacing_large bt_bb_hidden_xs bt_bb_hidden_ms bt_bb_hidden_sm\" data-bt-override-class=\"null\"><\/div><div data-bb-version=\"5.1.3\"  class=\"bt_bb_text\" ><\/p>\n<p class=\"whitespace-pre-wrap break-words\">In \u00dcbereinstimmung mit den Grunds\u00e4tzen der Rechtm\u00e4\u00dfigkeit und Transparenz gem\u00e4\u00df Artikel 13 der Verordnung (EU) 2016\/679 des Europ\u00e4ischen Parlaments und des Rates vom 27. April 2016 zum Schutz nat\u00fcrlicher Personen bei der Verarbeitung personenbezogener Daten (DSGVO), informiert LAWROOMSPAIN, SL, mit Steuernummer B76116433 und elektronischer Adresse <a href=\"https:\/\/lawroomspain.com\/es\/\">https:\/\/lawroomspain.com\/es\/<\/a> Sie \u00fcber die Merkmale der unter ihrer Verantwortung durchgef\u00fchrten Verarbeitung personenbezogener Daten:<\/p>\n<p class=\"whitespace-pre-wrap break-words\"><strong>Verarbeitung<\/strong>: (I) Web-Anfragen. (II) Rechtsberatung und Prozessvertretung. (III) Verwaltungsmanagement (IV) Buchhaltungs-, Steuer- und Handelsmanagement. (V) Beratung zur Einhaltung von Vorschriften. (VI) Bearbeitung von Datenschutzrechten der betroffenen Personen.<\/p>\n<p class=\"whitespace-pre-wrap break-words\"><strong>Zweck<\/strong>: (I) Bearbeitung von \u00fcber die Website eingegangenen Anfragen. (II) Verwaltung von Akten im Zusammenhang mit der Erbringung von Rechtsberatungsdienstleistungen. (III) Verwaltungsmanagement, das Inkasso, Zahlungen und Beziehungen zu Kunden und Lieferanten umfasst. (IV) Erstellung der offiziellen Buchhaltung und Berechnung, Pr\u00e4sentation und Abwicklung von Steuern, Erstellung von Handelsdokumenten wie Bilanzen und Berichten. (V) Verwaltung von Akten im Zusammenhang mit Compliance-Dienstleistungen. (VI) Bearbeitung von Antr\u00e4gen zur Aus\u00fcbung von Rechten im Zusammenhang mit personenbezogenen Daten sowie von Sicherheitsverletzungen, die die Rechte und Freiheiten der betroffenen Personen beeintr\u00e4chtigen k\u00f6nnen.<\/p>\n<p class=\"whitespace-pre-wrap break-words\"><strong>Rechtsgrundlage<\/strong>: (I) Einwilligung der betroffenen Person. (II), (III) und (V) Durchf\u00fchrung vertraglicher und vorvertraglicher Ma\u00dfnahmen. (IV) und (VI) Rechtliche Verpflichtung: Art. 6.1.c) DSGVO.<\/p>\n<p class=\"whitespace-pre-wrap break-words\"><strong>Aufbewahrungsfrist<\/strong>: (I) Der erforderliche Zeitraum zur Bearbeitung der Anfrage sowie die Dauer der sich daraus ergebenden Verantwortlichkeiten. (II), (III), (V) und (VI) W\u00e4hrend der Dauer der Dienstleistungserbringung und der erforderliche Zeitraum zur Bearbeitung von Fragen im Zusammenhang mit den erbrachten Dienstleistungen. (IV) F\u00fcnf Jahre f\u00fcr Handelszwecke und der erforderliche Zeitraum zur Erf\u00fcllung der sich aus der Steuerabrechnung ergebenden Verantwortlichkeiten.<\/p>\n<p class=\"whitespace-pre-wrap break-words\">Im Allgemeinen der Zeitraum, w\u00e4hrend dem die Verantwortlichkeiten aus jeder Verarbeitung bestehen k\u00f6nnen.<\/p>\n<p class=\"whitespace-pre-wrap break-words\"><strong>Empf\u00e4nger<\/strong>: (II) Jurisdiktionelle Organe. (VI) Spanische Datenschutzbeh\u00f6rde.<\/p>\n<p class=\"whitespace-pre-wrap break-words\"><strong>ZUS\u00c4TZLICHE INFORMATIONEN<\/strong><\/p>\n<p class=\"whitespace-pre-wrap break-words\">Weitergabe an Dritte: Wie in den vorherigen F\u00e4llen sind die Daten, die wir an Dritte weitergeben, immer auf das notwendige Minimum beschr\u00e4nkt.<\/p>\n<p class=\"whitespace-pre-wrap break-words\">Welche Sicherheitsma\u00dfnahmen wenden wir auf personenbezogene Daten an? LAWROOMSPAIN, SL verf\u00fcgt \u00fcber geeignete Richtlinien sowie technische und organisatorische Ma\u00dfnahmen zum Schutz Ihrer personenbezogenen Daten vor illegalem oder unbefugtem Zugriff, versehentlichem Verlust oder Zerst\u00f6rung, Besch\u00e4digung sowie illegaler oder unbefugter Nutzung und Offenlegung.<\/p>\n<p class=\"whitespace-pre-wrap break-words\">Wir werden auch alle angemessenen Vorsichtsma\u00dfnahmen treffen, um sicherzustellen, dass unsere Mitarbeiter, die Zugang zu Ihren personenbezogenen Daten haben, angemessen geschult wurden.<\/p>\n<p class=\"whitespace-pre-wrap break-words\"><strong>Welche Rechte haben Sie als betroffene Person?<\/strong><\/p>\n<p class=\"whitespace-pre-wrap break-words\">Sie haben das Recht, die L\u00f6schung Ihrer Daten zu verlangen, wenn unter anderem die Daten f\u00fcr die Zwecke, f\u00fcr die sie erhoben wurden, nicht mehr erforderlich sind. Sie haben das Recht, eine Best\u00e4tigung dar\u00fcber zu erhalten, ob LAWROOMSPAIN, SL Ihre personenbezogenen Daten verarbeitet oder nicht. Sie haben das Recht auf Zugang zu Ihren personenbezogenen Daten und deren Kopie sowie auf Berichtigung unrichtiger Daten oder gegebenenfalls deren L\u00f6schung, wenn die Daten unter anderem f\u00fcr die Zwecke, f\u00fcr die sie erhoben wurden, nicht mehr erforderlich sind. Unter bestimmten Umst\u00e4nden k\u00f6nnen Sie die Einschr\u00e4nkung der Verarbeitung Ihrer Daten verlangen; in diesem Fall werden wir sie nur f\u00fcr die Aus\u00fcbung oder Verteidigung von Anspr\u00fcchen aufbewahren. Unter bestimmten Umst\u00e4nden und aus Gr\u00fcnden, die sich aus Ihrer besonderen Situation ergeben, k\u00f6nnen Sie der Verarbeitung Ihrer Daten widersprechen. LAWROOMSPAIN, SL wird die Verarbeitung der Daten einstellen, au\u00dfer aus zwingenden legitimen Gr\u00fcnden oder zur Aus\u00fcbung oder Verteidigung m\u00f6glicher Anspr\u00fcche. Ebenso k\u00f6nnen Sie das Recht auf Daten\u00fcbertragbarkeit aus\u00fcben sowie erteilte Einwilligungen widerrufen. Sie k\u00f6nnen diese Rechte aus\u00fcben, indem Sie eine Anfrage an die E-Mail-Adresse <a href=\"mailto:lpa@lawroomspain.com\">lpa@lawroomspain.com<\/a> senden, unter Beif\u00fcgung eines Dokuments, das Ihre Identit\u00e4t nachweist, und unter klarer Angabe des Rechts, das Sie beanspruchen\u00a0 m\u00f6chten. Abschlie\u00dfend weisen wir Sie darauf hin, dass Sie eine Beschwerde bei der spanischen Datenschutzbeh\u00f6rde einreichen k\u00f6nnen, insbesondere wenn Sie betr. der Inanspruchnahme Ihrer Rechte keine zufriedenstellende Antwort erhalten haben.<\/p>\n<p>\n<\/div><div class=\"bt_bb_separator bt_bb_border_style_none bt_bb_bottom_spacing_large bt_bb_hidden_xs bt_bb_hidden_ms bt_bb_hidden_sm\" data-bt-override-class=\"null\"><\/div><\/div><\/div><\/div><\/div><\/div><\/div><!-- cell_inner --><\/div><!-- cell --><\/div><!-- port --><\/section><\/p>\n","protected":false},"excerpt":{"rendered":"","protected":false},"author":1,"featured_media":0,"parent":0,"menu_order":0,"comment_status":"closed","ping_status":"closed","template":"","meta":{"footnotes":""},"class_list":["post-4649","page","type-page","status-publish","hentry"],"_links":{"self":[{"href":"https:\/\/lawroomspain.com\/de\/wp-json\/wp\/v2\/pages\/4649","targetHints":{"allow":["GET"]}}],"collection":[{"href":"https:\/\/lawroomspain.com\/de\/wp-json\/wp\/v2\/pages"}],"about":[{"href":"https:\/\/lawroomspain.com\/de\/wp-json\/wp\/v2\/types\/page"}],"author":[{"embeddable":true,"href":"https:\/\/lawroomspain.com\/de\/wp-json\/wp\/v2\/users\/1"}],"replies":[{"embeddable":true,"href":"https:\/\/lawroomspain.com\/de\/wp-json\/wp\/v2\/comments?post=4649"}],"version-history":[{"count":5,"href":"https:\/\/lawroomspain.com\/de\/wp-json\/wp\/v2\/pages\/4649\/revisions"}],"predecessor-version":[{"id":4841,"href":"https:\/\/lawroomspain.com\/de\/wp-json\/wp\/v2\/pages\/4649\/revisions\/4841"}],"wp:attachment":[{"href":"https:\/\/lawroomspain.com\/de\/wp-json\/wp\/v2\/media?parent=4649"}],"curies":[{"name":"wp","href":"https:\/\/api.w.org\/{rel}","templated":true}]}}